{"id":8,"date":"2015-05-25T09:53:27","date_gmt":"2015-05-25T09:53:27","guid":{"rendered":"http:\/\/demo.klimapunkt.pl\/?page_id=5"},"modified":"2021-01-14T13:03:34","modified_gmt":"2021-01-14T12:03:34","slug":"home","status":"publish","type":"page","link":"https:\/\/klimapunkt.pl\/","title":{"rendered":"Home"},"content":{"rendered":"\n<div class=\"wp-block-group\"><div class=\"wp-block-group__inner-container is-layout-flow wp-block-group-is-layout-flow\">\n<div class=\"wp-block-group\"><div class=\"wp-block-group__inner-container is-layout-flow wp-block-group-is-layout-flow\">\n<div class=\"row  \" ><div class=\"cherry-box   box-908\"><div class=\"inner\"><div class=\"container-fluid\"><div class=\"row row-edge\">\n<div class=\"cherry-spacer  \" style=\"height:500px;\"><\/div>\n<\/div><\/div><\/div><\/div><\/div>\n<div class=\"row  \" ><div class=\"cherry-box   box-479\"><div class=\"inner\"><div class=\"container\"><div class=\"row row-edge\">\n<div class=\"col-xs-12 col-sm-8 col-md-8 col-lg-8\">\n<p style=\"text-align: left;\">Jeste\u015bmy firm\u0105 zajmuj\u0105c\u0105 si\u0119 doborem, sprzeda\u017c\u0105 i\u00a0 monta\u017cem system\u00f3w klimatyzacji, wentylacji, rekuperacji, ogrzewania\u00a0 i pomp ciep\u0142a.<br \/><strong>Dbamy o to , aby ka\u017cdy klient wyszed\u0142 od nas zadowolony. Zawsze dobieramy produkty zgodnie ze zdaniem klienta, a tak\u017ce jego potrzebami.<\/strong><\/p>\n<p style=\"text-align: left;\">W razie jakichkolwiek pyta\u0144 zapraszamy do naszego Punktu na ul.Rybnicka 29 w Raciborzu, b\u0105d\u017a o kontakt pod numerami :<br \/>Andrzej 668-243-160\u00a0 Biuro 601-338-660<\/p>\n<\/div>\n<div class=\"col-xs-12 col-sm-4 col-md-4 col-lg-4\">\n<\/div>\n<\/div><\/div><\/div><\/div><\/div>\n<div class=\"row custom-link \" ><div class=\"container\"><div class=\"row row-edge\">\n<div class=\"col-xs-12 col-sm-12 col-md-12 col-lg-12\">\n<div class=\"cherry-spacer   hidden-xs hidden-sm\" style=\"height:65px;\"><\/div><div class=\"cherry-spacer   visible-sm-block\" style=\"height:65px;\"><\/div><div class=\"cherry-spacer   visible-xs-block\" style=\"height:65px;\"><\/div>\n<\/div>\n<div class=\"col-xs-12 col-sm-12 col-md-12 col-lg-12 home-custom-link\">\n<h2 style=\"text-align: center;\"><span style=\"color: #ffffff;\">KLIMATYZACJA TO TE\u017b W PEWNYM SENSIE <strong>WYSTR\u00d3J<\/strong> POKOJU.<br \/><\/span><\/h2>\n<\/div>\n<div class=\"col-xs-12 col-sm-12 col-md-12 col-lg-12\">\n<div class=\"cherry-spacer   hidden-xs hidden-sm\" style=\"height:60px;\"><\/div><div class=\"cherry-spacer   visible-sm-block\" style=\"height:60px;\"><\/div><div class=\"cherry-spacer   visible-xs-block\" style=\"height:60px;\"><\/div>\n<\/div>\n<\/div><\/div><\/div>\n<p>\u00a0<\/p>\n<div class=\"row  \" ><div class=\"container\"><div class=\"row row-edge\"> <div class=\"col-xs-12 col-sm-2 col-md-2 col-lg-2\"><img loading=\"lazy\" decoding=\"async\" class=\"aligncenter wp-image-1145\" src=\"https:\/\/klimapunkt.pl\/wp-content\/uploads\/2016\/09\/VENTS_logo.jpg\" alt=\"untitled\" width=\"185\" height=\"50\" \/><\/p>\n<\/div> <div class=\"col-xs-12 col-sm-2 col-md-2 col-lg-2\">\n<p><img loading=\"lazy\" decoding=\"async\" class=\"wp-image-1398 aligncenter\" src=\"https:\/\/klimapunkt.pl\/wp-content\/uploads\/2020\/06\/AERIS_next_rgb-300x61.png\" alt=\"\" width=\"300\" height=\"61\" srcset=\"https:\/\/klimapunkt.pl\/wp-content\/uploads\/2020\/06\/AERIS_next_rgb-300x61.png 300w, https:\/\/klimapunkt.pl\/wp-content\/uploads\/2020\/06\/AERIS_next_rgb-768x156.png 768w, https:\/\/klimapunkt.pl\/wp-content\/uploads\/2020\/06\/AERIS_next_rgb-1024x209.png 1024w, https:\/\/klimapunkt.pl\/wp-content\/uploads\/2020\/06\/AERIS_next_rgb.png 1443w\" sizes=\"(max-width: 300px) 100vw, 300px\" \/><\/p>\n<\/div> <div class=\"col-xs-12 col-sm-2 col-md-2 col-lg-2\">\n<p><img loading=\"lazy\" decoding=\"async\" class=\"aligncenter wp-image-1413\" src=\"https:\/\/klimapunkt.pl\/wp-content\/uploads\/2020\/06\/klimatyzatory-sevra-logo.png\" alt=\"\" width=\"150\" height=\"52\" \/><\/p>\n<\/div> <div class=\"col-xs-12 col-sm-2 col-md-2 col-lg-2\">\n<p><img loading=\"lazy\" decoding=\"async\" class=\"aligncenter wp-image-1454\" src=\"https:\/\/klimapunkt.pl\/wp-content\/uploads\/2020\/06\/aux-logo-1.jpg\" alt=\"\" width=\"140\" height=\"66\" \/><\/p>\n<\/div> <div class=\"col-xs-12 col-sm-2 col-md-2 col-lg-2\">\n<p><img loading=\"lazy\" decoding=\"async\" class=\"aligncenter wp-image-1427\" src=\"https:\/\/klimapunkt.pl\/wp-content\/uploads\/2020\/06\/lg_logo-300x145-300x145.png\" alt=\"\" width=\"105\" height=\"51\" \/><\/p>\n<\/div> <div class=\"col-xs-12 col-sm-2 col-md-2 col-lg-2\">\n<p><img loading=\"lazy\" decoding=\"async\" class=\"aligncenter wp-image-1417\" src=\"https:\/\/klimapunkt.pl\/wp-content\/uploads\/2020\/06\/Vasco-Logo-300x104.png\" alt=\"\" width=\"150\" height=\"52\" srcset=\"https:\/\/klimapunkt.pl\/wp-content\/uploads\/2020\/06\/Vasco-Logo-300x104.png 300w, https:\/\/klimapunkt.pl\/wp-content\/uploads\/2020\/06\/Vasco-Logo.png 567w\" sizes=\"(max-width: 150px) 100vw, 150px\" \/><\/p>\n<\/div><\/div><\/div><\/div>\n<\/div><\/div>\n<\/div><\/div>\n","protected":false},"excerpt":{"rendered":"\u00a0","protected":false},"author":3,"featured_media":0,"parent":0,"menu_order":0,"comment_status":"open","ping_status":"closed","template":"","meta":{"footnotes":""},"_links":{"self":[{"href":"https:\/\/klimapunkt.pl\/index.php?rest_route=\/wp\/v2\/pages\/8"}],"collection":[{"href":"https:\/\/klimapunkt.pl\/index.php?rest_route=\/wp\/v2\/pages"}],"about":[{"href":"https:\/\/klimapunkt.pl\/index.php?rest_route=\/wp\/v2\/types\/page"}],"author":[{"embeddable":true,"href":"https:\/\/klimapunkt.pl\/index.php?rest_route=\/wp\/v2\/users\/3"}],"replies":[{"embeddable":true,"href":"https:\/\/klimapunkt.pl\/index.php?rest_route=%2Fwp%2Fv2%2Fcomments&post=8"}],"version-history":[{"count":133,"href":"https:\/\/klimapunkt.pl\/index.php?rest_route=\/wp\/v2\/pages\/8\/revisions"}],"predecessor-version":[{"id":1671,"href":"https:\/\/klimapunkt.pl\/index.php?rest_route=\/wp\/v2\/pages\/8\/revisions\/1671"}],"wp:attachment":[{"href":"https:\/\/klimapunkt.pl\/index.php?rest_route=%2Fwp%2Fv2%2Fmedia&parent=8"}],"curies":[{"name":"wp","href":"https:\/\/api.w.org\/{rel}","templated":true}]}}