{"id":1576,"date":"2020-09-30T14:49:18","date_gmt":"2020-09-30T12:49:18","guid":{"rendered":"https:\/\/klimapunkt.pl\/?page_id=1576"},"modified":"2020-09-30T14:49:19","modified_gmt":"2020-09-30T12:49:19","slug":"sevra","status":"publish","type":"page","link":"https:\/\/klimapunkt.pl\/?page_id=1576","title":{"rendered":"Sevra"},"content":{"rendered":"\n<div class=\"cherry-hr   hr-749\"><\/div>\n\n\n\n<p><br>Pompa ciep\u0142a SEVRA <\/p>\n\n\n\n<p>Zosta\u0142a stworzona z my\u015bl\u0105 o u\u017cytkownikach poszukuj\u0105cych ekologicznych i niedrogich w utrzymaniu \u017ar\u00f3de\u0142 ogrzewania, kt\u00f3re ca\u0142kowicie lub cz\u0119\u015bciowo bazuj\u0105 na odnawialnych \u017ar\u00f3d\u0142ach energii. Pompa ciep\u0142a SEVRA z powodzeniem ogrzeje dom oraz wod\u0119 u\u017cytkow\u0105. Zasada dzia\u0142ania jest bardzo prosta &#8211; urz\u0105dzenie odbiera ciep\u0142o z powietrza zewn\u0119trznego i oddaje je do wody, kt\u00f3ra kr\u0105\u017cy w instalacji grzewczej budynku. Pompa ciep\u0142a SEVRA to bezpieczna inwestycja na lata.<\/p>\n\n\n\n<div class=\"wp-block-group\"><div class=\"wp-block-group__inner-container is-layout-flow wp-block-group-is-layout-flow\">\n<p><a href=\"https:\/\/klimapunkt.pl\/wp-content\/uploads\/2020\/09\/Sevra-Pompa-Ciepla.pdf\"><div class=\"fluid-button-left  -wrapper\"><a class=\"cherry-btn cherry-btn-primary cherry-btn-medium cherry-btn-inline cherry-btn-fade cherry-btn-left   button-706\" target=\"_blank\" href=\"https:\/\/klimapunkt.pl\/wp-content\/uploads\/2020\/09\/Sevra-Pompa-Ciepla.pdf\"><span class=\"material-design-google134 cherry-btn-icon icon-position-left icon-578\"><\/span><span class=\"cherry-btn-content-wrap\">Katalog SEVRA<\/span><\/a><\/div><\/a><\/p>\n<div class=\"cherry-hr   hr-501\"><\/div>\n\n\n\n<figure class=\"wp-block-image size-large is-resized\"><img loading=\"lazy\" decoding=\"async\" src=\"https:\/\/klimapunkt.pl\/wp-content\/uploads\/2020\/09\/ZESTAW-1024x632.jpg\" alt=\"\" class=\"wp-image-1587\" width=\"385\" height=\"237\" srcset=\"https:\/\/klimapunkt.pl\/wp-content\/uploads\/2020\/09\/ZESTAW-1024x632.jpg 1024w, https:\/\/klimapunkt.pl\/wp-content\/uploads\/2020\/09\/ZESTAW-300x185.jpg 300w, https:\/\/klimapunkt.pl\/wp-content\/uploads\/2020\/09\/ZESTAW-768x474.jpg 768w, https:\/\/klimapunkt.pl\/wp-content\/uploads\/2020\/09\/ZESTAW.jpg 1282w\" sizes=\"(max-width: 385px) 100vw, 385px\" \/><\/figure>\n\n\n\n<div class=\"cherry-hr   hr-658\"><\/div>\n<\/div><\/div>\n\n\n\n<p><\/p>\n","protected":false},"excerpt":{"rendered":"Pompa ciep\u0142a SEVRA Zosta\u0142a stworzona z my\u015bl\u0105 o u\u017cytkownikach poszukuj\u0105cych ekologicznych i niedrogich w utrzymaniu \u017ar\u00f3de\u0142 ogrzewania, kt\u00f3re ca\u0142kowicie lub cz\u0119\u015bciowo bazuj\u0105 na odnawialnych \u017ar\u00f3d\u0142ach energii. Pompa ciep\u0142a SEVRA z powodzeniem ogrzeje dom oraz wod\u0119 u\u017cytkow\u0105. Zasada dzia\u0142ania jest bardzo","protected":false},"author":2,"featured_media":0,"parent":0,"menu_order":0,"comment_status":"closed","ping_status":"closed","template":"","meta":{"footnotes":""},"_links":{"self":[{"href":"https:\/\/klimapunkt.pl\/index.php?rest_route=\/wp\/v2\/pages\/1576"}],"collection":[{"href":"https:\/\/klimapunkt.pl\/index.php?rest_route=\/wp\/v2\/pages"}],"about":[{"href":"https:\/\/klimapunkt.pl\/index.php?rest_route=\/wp\/v2\/types\/page"}],"author":[{"embeddable":true,"href":"https:\/\/klimapunkt.pl\/index.php?rest_route=\/wp\/v2\/users\/2"}],"replies":[{"embeddable":true,"href":"https:\/\/klimapunkt.pl\/index.php?rest_route=%2Fwp%2Fv2%2Fcomments&post=1576"}],"version-history":[{"count":10,"href":"https:\/\/klimapunkt.pl\/index.php?rest_route=\/wp\/v2\/pages\/1576\/revisions"}],"predecessor-version":[{"id":1594,"href":"https:\/\/klimapunkt.pl\/index.php?rest_route=\/wp\/v2\/pages\/1576\/revisions\/1594"}],"wp:attachment":[{"href":"https:\/\/klimapunkt.pl\/index.php?rest_route=%2Fwp%2Fv2%2Fmedia&parent=1576"}],"curies":[{"name":"wp","href":"https:\/\/api.w.org\/{rel}","templated":true}]}}