{"id":1519,"date":"2020-06-05T12:11:37","date_gmt":"2020-06-05T10:11:37","guid":{"rendered":"https:\/\/klimapunkt.pl\/?page_id=1519"},"modified":"2020-06-08T11:34:03","modified_gmt":"2020-06-08T09:34:03","slug":"vasco","status":"publish","type":"page","link":"https:\/\/klimapunkt.pl\/?page_id=1519","title":{"rendered":"Vasco"},"content":{"rendered":"<h1><div class=\"cherry-hr   hr-161\"><\/div><\/h1>\n<h1>Wentylacja i rekuperacja VASCO<\/h1>\n<p>Systemy wentylacyjne VASCO SILENT VENTILATION s\u0105 wynikiem wieloletnich bada\u0144 i\u00a0rozwoju. Zapewniaj\u0105 one optymaln\u0105 kontrol\u0119 jako\u015bci powietrza w\u00a0ka\u017cdym obszarze \u017cycia i\u00a0pracy. Ciche i\u00a0gwarantuj\u0105ce maksymaln\u0105 oszcz\u0119dno\u015b\u0107 energii.<\/p>\n<p>Sprawd\u017a katalogi:<\/p>\n<div class=\"fluid-button-left  -wrapper\"><a class=\"cherry-btn cherry-btn-primary cherry-btn-medium cherry-btn-inline cherry-btn-fade cherry-btn-left   button-884\" target=\"_blank\" href=\"http:\/\/www.vascoart.pl\/katalogi\/\"><span class=\"material-design-google134 cherry-btn-icon icon-position-left icon-968\"><\/span><span class=\"cherry-btn-content-wrap\">Katalogi VASCO<\/span><\/a><\/div>\n<div class=\"cherry-hr   hr-549\"><\/div>\n","protected":false},"excerpt":{"rendered":"Wentylacja i rekuperacja VASCO Systemy wentylacyjne VASCO SILENT VENTILATION s\u0105 wynikiem wieloletnich bada\u0144 i\u00a0rozwoju. Zapewniaj\u0105 one optymaln\u0105 kontrol\u0119 jako\u015bci powietrza w\u00a0ka\u017cdym obszarze \u017cycia i\u00a0pracy. Ciche i\u00a0gwarantuj\u0105ce maksymaln\u0105 oszcz\u0119dno\u015b\u0107 energii. Sprawd\u017a katalogi:","protected":false},"author":2,"featured_media":0,"parent":0,"menu_order":0,"comment_status":"closed","ping_status":"closed","template":"","meta":{"footnotes":""},"_links":{"self":[{"href":"https:\/\/klimapunkt.pl\/index.php?rest_route=\/wp\/v2\/pages\/1519"}],"collection":[{"href":"https:\/\/klimapunkt.pl\/index.php?rest_route=\/wp\/v2\/pages"}],"about":[{"href":"https:\/\/klimapunkt.pl\/index.php?rest_route=\/wp\/v2\/types\/page"}],"author":[{"embeddable":true,"href":"https:\/\/klimapunkt.pl\/index.php?rest_route=\/wp\/v2\/users\/2"}],"replies":[{"embeddable":true,"href":"https:\/\/klimapunkt.pl\/index.php?rest_route=%2Fwp%2Fv2%2Fcomments&post=1519"}],"version-history":[{"count":4,"href":"https:\/\/klimapunkt.pl\/index.php?rest_route=\/wp\/v2\/pages\/1519\/revisions"}],"predecessor-version":[{"id":1577,"href":"https:\/\/klimapunkt.pl\/index.php?rest_route=\/wp\/v2\/pages\/1519\/revisions\/1577"}],"wp:attachment":[{"href":"https:\/\/klimapunkt.pl\/index.php?rest_route=%2Fwp%2Fv2%2Fmedia&parent=1519"}],"curies":[{"name":"wp","href":"https:\/\/api.w.org\/{rel}","templated":true}]}}