{"id":1130,"date":"2016-09-26T14:14:38","date_gmt":"2016-09-26T12:14:38","guid":{"rendered":"http:\/\/demo.klimapunkt.pl\/?page_id=1130"},"modified":"2020-06-08T11:32:55","modified_gmt":"2020-06-08T09:32:55","slug":"klimatyzacja-mitsubishi","status":"publish","type":"page","link":"https:\/\/klimapunkt.pl\/?page_id=1130","title":{"rendered":"MITSUBISHI"},"content":{"rendered":"<div class=\"row row-edge  \" >\n<div class=\"col-md-12 col-xs-offset-0 col-sm-offset-0 col-md-offset-0 col-lg-offset-0 col-xs-pull-0 col-sm-pull-0 col-md-pull-0 col-lg-pull-0 col-xs-push-0 col-sm-push-0 col-md-push-0 col-lg-push-0\">\n<div class=\"cherry-hr   hr-945\"><\/div>\n<\/div>\n<\/div>\n<div class=\"row row-edge  \" >\n<div class=\"col-md-8 col-xs-offset-0 col-sm-offset-0 col-md-offset-0 col-lg-offset-0 col-xs-pull-0 col-sm-pull-0 col-md-pull-0 col-lg-pull-0 col-xs-push-0 col-sm-push-0 col-md-push-0 col-lg-push-0\">\n<div class=\"motopress-text-obj\">\n<h2><span style=\"font-size: 36px;\">KLIMATYZATORY MARKI MITSUBISHI<\/span><\/h2>\n<p>Zapraszamy do zapoznania si\u0119 z bogat\u0105 oferta klimatyzator\u00f3w marki MITSUBISHI:<\/p>\n<\/div>\n<\/div>\n<div class=\"col-md-4 col-xs-offset-0 col-sm-offset-0 col-md-offset-0 col-lg-offset-0 col-xs-pull-0 col-sm-pull-0 col-md-pull-0 col-lg-pull-0 col-xs-push-0 col-sm-push-0 col-md-push-0 col-lg-push-0\">\n<div class=\"motopress-image-obj motopress-text-align-left\"><img decoding=\"async\" src=\"https:\/\/klimapunkt.pl\/wp-content\/uploads\/2016\/09\/1-MitsubishiElectric.jpg\" title=\"marki\" alt=\"marki\" class=\"motopress-image-obj-basic\" \/><\/div>\n<\/div>\n<\/div>\n<div class=\"row row-edge  \" >\n<div class=\"col-md-12 col-xs-offset-0 col-sm-offset-0 col-md-offset-0 col-lg-offset-0 col-xs-pull-0 col-sm-pull-0 col-md-pull-0 col-lg-pull-0 col-xs-push-0 col-sm-push-0 col-md-push-0 col-lg-push-0\">\n<p>&nbsp;<\/p>\n<div class=\"fluid-button-left  -wrapper\"><a class=\"cherry-btn cherry-btn-primary cherry-btn-medium cherry-btn-inline cherry-btn-fade cherry-btn-left   button-800\" target=\"_blank\" href=\"https:\/\/mitsubishi-electric.teklim.com\/obrazki\/file\/me-katalog-klimatyzacja-wentylacja-pl.pdf\"><span class=\"material-design-google134 cherry-btn-icon icon-position-left icon-417\"><\/span><span class=\"cherry-btn-content-wrap\">KATALOG MITSUBISHI<\/span><\/a><\/div>\n<div class=\"cherry-hr   hr-560\"><\/div>\n<\/div>\n<\/div>\n","protected":false},"excerpt":{"rendered":"","protected":false},"author":3,"featured_media":0,"parent":0,"menu_order":0,"comment_status":"closed","ping_status":"closed","template":"","meta":{"footnotes":""},"_links":{"self":[{"href":"https:\/\/klimapunkt.pl\/index.php?rest_route=\/wp\/v2\/pages\/1130"}],"collection":[{"href":"https:\/\/klimapunkt.pl\/index.php?rest_route=\/wp\/v2\/pages"}],"about":[{"href":"https:\/\/klimapunkt.pl\/index.php?rest_route=\/wp\/v2\/types\/page"}],"author":[{"embeddable":true,"href":"https:\/\/klimapunkt.pl\/index.php?rest_route=\/wp\/v2\/users\/3"}],"replies":[{"embeddable":true,"href":"https:\/\/klimapunkt.pl\/index.php?rest_route=%2Fwp%2Fv2%2Fcomments&post=1130"}],"version-history":[{"count":7,"href":"https:\/\/klimapunkt.pl\/index.php?rest_route=\/wp\/v2\/pages\/1130\/revisions"}],"predecessor-version":[{"id":1537,"href":"https:\/\/klimapunkt.pl\/index.php?rest_route=\/wp\/v2\/pages\/1130\/revisions\/1537"}],"wp:attachment":[{"href":"https:\/\/klimapunkt.pl\/index.php?rest_route=%2Fwp%2Fv2%2Fmedia&parent=1130"}],"curies":[{"name":"wp","href":"https:\/\/api.w.org\/{rel}","templated":true}]}}