{"id":1128,"date":"2016-09-26T14:14:13","date_gmt":"2016-09-26T12:14:13","guid":{"rendered":"http:\/\/demo.klimapunkt.pl\/?page_id=1128"},"modified":"2020-06-08T11:32:46","modified_gmt":"2020-06-08T09:32:46","slug":"klimatyzacja-sevra","status":"publish","type":"page","link":"https:\/\/klimapunkt.pl\/?page_id=1128","title":{"rendered":"SEVRA"},"content":{"rendered":"<h5><strong><div class=\"cherry-hr   hr-216\"><\/div><\/strong><\/h5>\n<h2>KLIMATYZATORY MARKI SEVRA<\/h2>\n<p>Zapraszamy do zapoznania si\u0119 z bogat\u0105 oferta klimatyzator\u00f3w marki SEVRA:\u00a0<img loading=\"lazy\" decoding=\"async\" class=\"size-full wp-image-1413 alignright\" src=\"https:\/\/klimapunkt.pl\/wp-content\/uploads\/2020\/06\/klimatyzatory-sevra-logo.png\" alt=\"\" width=\"264\" height=\"91\" \/><\/p>\n<div class=\"fluid-button-left  -wrapper\"><a class=\"cherry-btn cherry-btn-primary cherry-btn-medium cherry-btn-inline cherry-btn-fade cherry-btn-left   button-224\" target=\"_blank\" href=\"https:\/\/wienkra.pl\/wp-content\/uploads\/2020\/03\/sevra-katalog-2020-web1.pdf\"><span class=\"material-design-google134 cherry-btn-icon icon-position-left icon-248\"><\/span><span class=\"cherry-btn-content-wrap\">KATALOG SEVRA<\/span><\/a><\/div>\n<p>&nbsp;<\/p>\n<p>Wysokiej klasy materia\u0142y, markowe<br \/>\npodzespo\u0142y, zaawansowane technologicznie,<br \/>\nzautomatyzowane linie produkcyjne<br \/>\ni rygorystyczne testy ko\u0144cowe urz\u0105dze\u0144<br \/>\npozwalaj\u0105 zagwarantowa\u0107 najwy\u017csz\u0105<br \/>\njako\u015b\u0107 i niezawodno\u015b\u0107 system\u00f3w<br \/>\nklimatyzacji marki SEVRA.<\/p>\n<div class=\"cherry-hr   hr-735\"><\/div>\n","protected":false},"excerpt":{"rendered":"KLIMATYZATORY MARKI SEVRA Zapraszamy do zapoznania si\u0119 z bogat\u0105 oferta klimatyzator\u00f3w marki SEVRA:\u00a0 &nbsp; Wysokiej klasy materia\u0142y, markowe podzespo\u0142y, zaawansowane technologicznie, zautomatyzowane linie produkcyjne i rygorystyczne testy ko\u0144cowe urz\u0105dze\u0144 pozwalaj\u0105 zagwarantowa\u0107 najwy\u017csz\u0105 jako\u015b\u0107 i niezawodno\u015b\u0107 system\u00f3w klimatyzacji marki SEVRA.","protected":false},"author":3,"featured_media":0,"parent":0,"menu_order":0,"comment_status":"closed","ping_status":"closed","template":"","meta":{"footnotes":""},"_links":{"self":[{"href":"https:\/\/klimapunkt.pl\/index.php?rest_route=\/wp\/v2\/pages\/1128"}],"collection":[{"href":"https:\/\/klimapunkt.pl\/index.php?rest_route=\/wp\/v2\/pages"}],"about":[{"href":"https:\/\/klimapunkt.pl\/index.php?rest_route=\/wp\/v2\/types\/page"}],"author":[{"embeddable":true,"href":"https:\/\/klimapunkt.pl\/index.php?rest_route=\/wp\/v2\/users\/3"}],"replies":[{"embeddable":true,"href":"https:\/\/klimapunkt.pl\/index.php?rest_route=%2Fwp%2Fv2%2Fcomments&post=1128"}],"version-history":[{"count":13,"href":"https:\/\/klimapunkt.pl\/index.php?rest_route=\/wp\/v2\/pages\/1128\/revisions"}],"predecessor-version":[{"id":1538,"href":"https:\/\/klimapunkt.pl\/index.php?rest_route=\/wp\/v2\/pages\/1128\/revisions\/1538"}],"wp:attachment":[{"href":"https:\/\/klimapunkt.pl\/index.php?rest_route=%2Fwp%2Fv2%2Fmedia&parent=1128"}],"curies":[{"name":"wp","href":"https:\/\/api.w.org\/{rel}","templated":true}]}}