{"id":1124,"date":"2016-09-26T14:13:40","date_gmt":"2016-09-26T12:13:40","guid":{"rendered":"http:\/\/demo.klimapunkt.pl\/?page_id=1124"},"modified":"2020-06-08T11:33:43","modified_gmt":"2020-06-08T09:33:43","slug":"klimatyzacja-toshiba","status":"publish","type":"page","link":"https:\/\/klimapunkt.pl\/?page_id=1124","title":{"rendered":"TOSHIBA"},"content":{"rendered":"<div class=\"row row-edge  \" >\n<div class=\"col-md-12 col-xs-offset-0 col-sm-offset-0 col-md-offset-0 col-lg-offset-0 col-xs-pull-0 col-sm-pull-0 col-md-pull-0 col-lg-pull-0 col-xs-push-0 col-sm-push-0 col-md-push-0 col-lg-push-0\">\n<div class=\"cherry-hr   hr-880\"><\/div>\n<\/div>\n<\/div>\n<div class=\"row row-edge  \" >\n<div class=\"col-md-8 col-xs-offset-0 col-sm-offset-0 col-md-offset-0 col-lg-offset-0 col-xs-pull-0 col-sm-pull-0 col-md-pull-0 col-lg-pull-0 col-xs-push-0 col-sm-push-0 col-md-push-0 col-lg-push-0\">\n<div class=\"motopress-text-obj\">\n<div class=\"row row-edge \">\n<div class=\"col-md-12 col-xs-offset-0 col-sm-offset-0 col-md-offset-0 col-lg-offset-0 col-xs-pull-0 col-sm-pull-0 col-md-pull-0 col-lg-pull-0 col-xs-push-0 col-sm-push-0 col-md-push-0 col-lg-push-0\">\n<div class=\"motopress-text-obj\">\n<h2><span style=\"font-size: 36px;\">KLIMATYZATORY MARKI TOSHIBA<\/span><\/h2>\n<p>Zapraszamy do zapoznania si\u0119 z bogat\u0105 ofert\u0105 klimatyzator\u00f3w\u00a0 marki TOSHIBA:<\/p>\n<\/div>\n<\/div>\n<\/div>\n<\/div>\n<\/div>\n<div class=\"col-md-4 col-xs-offset-0 col-sm-offset-0 col-md-offset-0 col-lg-offset-0 col-xs-pull-0 col-sm-pull-0 col-md-pull-0 col-lg-pull-0 col-xs-push-0 col-sm-push-0 col-md-push-0 col-lg-push-0\">\n<div class=\"motopress-image-obj motopress-text-align-left\"><img decoding=\"async\" src=\"https:\/\/klimapunkt.pl\/wp-content\/uploads\/2016\/09\/Toshiba-Logo-HD.jpg\" title=\"toshiba-logo-hd\" alt=\"toshiba-logo-hd\" class=\"motopress-image-obj-basic\" \/><\/div>\n<\/div>\n<\/div>\n<div class=\"row row-edge  \" >\n<p>&nbsp;<\/p>\n<div class=\"col-md-4  motopress-empty mp-hidden-phone\">\n<\/div>\n<\/div>\n<div class=\"row row-edge  \" >\n<div class=\"col-md-12 col-xs-offset-0 col-sm-offset-0 col-md-offset-0 col-lg-offset-0 col-xs-pull-0 col-sm-pull-0 col-md-pull-0 col-lg-pull-0 col-xs-push-0 col-sm-push-0 col-md-push-0 col-lg-push-0\">\n<div class=\"fluid-button-left  -wrapper\"><a class=\"cherry-btn cherry-btn-primary cherry-btn-medium cherry-btn-inline cherry-btn-fade cherry-btn-left   button-333\" target=\"_blank\" href=\"https:\/\/www.toshiba-hvac.pl\/katalogi\"><span class=\"material-design-google134 cherry-btn-icon icon-position-left icon-639\"><\/span><span class=\"cherry-btn-content-wrap\">KATALOG TOSHIBA<\/span><\/a><\/div>\n<div class=\"cherry-hr   hr-339\"><\/div>\n<\/div>\n<\/div>\n","protected":false},"excerpt":{"rendered":"","protected":false},"author":3,"featured_media":0,"parent":0,"menu_order":0,"comment_status":"closed","ping_status":"closed","template":"","meta":{"footnotes":""},"_links":{"self":[{"href":"https:\/\/klimapunkt.pl\/index.php?rest_route=\/wp\/v2\/pages\/1124"}],"collection":[{"href":"https:\/\/klimapunkt.pl\/index.php?rest_route=\/wp\/v2\/pages"}],"about":[{"href":"https:\/\/klimapunkt.pl\/index.php?rest_route=\/wp\/v2\/types\/page"}],"author":[{"embeddable":true,"href":"https:\/\/klimapunkt.pl\/index.php?rest_route=\/wp\/v2\/users\/3"}],"replies":[{"embeddable":true,"href":"https:\/\/klimapunkt.pl\/index.php?rest_route=%2Fwp%2Fv2%2Fcomments&post=1124"}],"version-history":[{"count":10,"href":"https:\/\/klimapunkt.pl\/index.php?rest_route=\/wp\/v2\/pages\/1124\/revisions"}],"predecessor-version":[{"id":1539,"href":"https:\/\/klimapunkt.pl\/index.php?rest_route=\/wp\/v2\/pages\/1124\/revisions\/1539"}],"wp:attachment":[{"href":"https:\/\/klimapunkt.pl\/index.php?rest_route=%2Fwp%2Fv2%2Fmedia&parent=1124"}],"curies":[{"name":"wp","href":"https:\/\/api.w.org\/{rel}","templated":true}]}}