{"id":1101,"date":"2016-09-26T13:13:50","date_gmt":"2016-09-26T11:13:50","guid":{"rendered":"http:\/\/demo.klimapunkt.pl\/?page_id=1101"},"modified":"2016-09-27T14:29:23","modified_gmt":"2016-09-27T12:29:23","slug":"klimatyzacja-a-wentylacja-co-je-rozni","status":"publish","type":"page","link":"https:\/\/klimapunkt.pl\/?page_id=1101","title":{"rendered":"Klimatyzacja, a wentylacja &#8211; co je r\u00f3\u017cni?"},"content":{"rendered":"<p>&nbsp;<\/p>\n<div class=\"row  \" ><div class=\"container\"><div class=\"row row-edge\">\n<div class=\"row row-edge  \" >\n<h2 style=\"text-align: center;\">KLIMATYZACJA, A WENTYLACJA &#8211; CO JE R\u00d3\u017bNI?<\/h2>\n<\/div>\n<div class=\"col-xs-12 col-sm-6 col-md-6 col-lg-6\">\n<p>Z wentylacj\u0105 mamy do czynienia praktycznie zawsze, w jakimkolwiek pomieszczeniu si\u0119 znajdujemy, z oknami czy kana\u0142ami wentylacyjnymi. Nie zawsze przebiega on prawid\u0142owo jednak wystarczy chocia\u017cby niewielki przep\u0142yw powietrza , by mo\u017cna by\u0142o stwierdzi\u0107 wyst\u0119powanie zjawisk dotycz\u0105cych wentylacji. Jej g\u0142\u00f3wn\u0105 rol\u0105 jest dostarczanie \u015bwie\u017cego powietrza do budynku lub pomieszczenia i usuni\u0119ciu zu\u017cytego b\u0105d\u017a zanieczyszczonego powietrza. Powietrze do wn\u0119trz powinno przedostawa\u0107 si\u0119 przez nawiewniki lub uchylone okna , za\u015b wyp\u0142ywa\u0107 przez kana\u0142y wentylacyjne.<\/p>\n<\/div>\n<div class=\"col-xs-12 col-sm-6 col-md-6 col-lg-6\">\n<p>Najbardziej charakteryzuj\u0105c\u0105 funkcj\u0105 wentylacji jest odzysk ciep\u0142a. Zadania klimatyzacji s\u0105 jednak odmienne. Klimatyzacja odpowiada za utrzymanie w pomieszczeniu mikroklimatu, kt\u00f3ry charakteryzuje si\u0119 takimi w\u0142a\u015bciwo\u015bciami jak temperatura czy wilgotno\u015b\u0107. Klimatyzacja g\u0142ownie odpowiada za utrzymanie komfortu cieplnego oraz odpowiedniego poziomu wilgotno\u015bci w danym pomieszczeniu. Podsumowuj\u0105c : Wentylacja jak i klimatyzacja to instalacje wp\u0142ywaj\u0105ce korzystnie na nasz dom oraz samopoczucie . Po\u0142\u0105czenie klimatyzacji z wentylacj\u0105 daje bardzo dobry komfort przebywania w danym miejscu.<\/p>\n<\/div>\n<\/div><\/div><\/div>\n<p>&nbsp;<\/p>\n","protected":false},"excerpt":{"rendered":"&nbsp; &nbsp;","protected":false},"author":3,"featured_media":0,"parent":0,"menu_order":0,"comment_status":"closed","ping_status":"closed","template":"","meta":{"footnotes":""},"_links":{"self":[{"href":"https:\/\/klimapunkt.pl\/index.php?rest_route=\/wp\/v2\/pages\/1101"}],"collection":[{"href":"https:\/\/klimapunkt.pl\/index.php?rest_route=\/wp\/v2\/pages"}],"about":[{"href":"https:\/\/klimapunkt.pl\/index.php?rest_route=\/wp\/v2\/types\/page"}],"author":[{"embeddable":true,"href":"https:\/\/klimapunkt.pl\/index.php?rest_route=\/wp\/v2\/users\/3"}],"replies":[{"embeddable":true,"href":"https:\/\/klimapunkt.pl\/index.php?rest_route=%2Fwp%2Fv2%2Fcomments&post=1101"}],"version-history":[{"count":10,"href":"https:\/\/klimapunkt.pl\/index.php?rest_route=\/wp\/v2\/pages\/1101\/revisions"}],"predecessor-version":[{"id":1230,"href":"https:\/\/klimapunkt.pl\/index.php?rest_route=\/wp\/v2\/pages\/1101\/revisions\/1230"}],"wp:attachment":[{"href":"https:\/\/klimapunkt.pl\/index.php?rest_route=%2Fwp%2Fv2%2Fmedia&parent=1101"}],"curies":[{"name":"wp","href":"https:\/\/api.w.org\/{rel}","templated":true}]}}