{"id":1099,"date":"2016-09-26T13:12:42","date_gmt":"2016-09-26T11:12:42","guid":{"rendered":"http:\/\/demo.klimapunkt.pl\/?page_id=1099"},"modified":"2016-09-27T14:22:55","modified_gmt":"2016-09-27T12:22:55","slug":"klimatyzacja","status":"publish","type":"page","link":"https:\/\/klimapunkt.pl\/?page_id=1099","title":{"rendered":"Klimatyzacja"},"content":{"rendered":"<div class=\"row  \" ><div class=\"cherry-box   box-111\"><div class=\"inner\"><div class=\"container\"><div class=\"row row-edge\">\n<h2 style=\"text-align: center;\">KLIMATYZACJA W DOMU<\/h2>\n<p>Klimatyzacja w domu jest coraz bardziej popularniejsza. Wybieraj\u0105c klimatyzacj\u0119 warto wzi\u0105\u0107 pod uwag\u0119 spos\u00f3b jego obs\u0142ugi i ha\u0142as , jak generuje a tak\u017ce czy ma by\u0107 elementem wystroju. Ka\u017cdy klimatyzator wyposa\u017cony jest w standardowy system reguluj\u0105cy jego prac\u0119 : ch\u0142odzenie , grzanie czy nawil\u017canie. Ponadto klimatyzacja w domu informuje nas o tym jaka temperatura panuje w pomieszczeniu, kiedy nale\u017cy wymieni\u0107 filtry w klimatyzacji , czy uzupe\u0142ni\u0107 wod\u0119 w nawil\u017caczu.<\/p>\n<\/div><\/div><\/div><\/div><\/div>\n","protected":false},"excerpt":{"rendered":"","protected":false},"author":3,"featured_media":0,"parent":0,"menu_order":0,"comment_status":"closed","ping_status":"closed","template":"","meta":{"footnotes":""},"_links":{"self":[{"href":"https:\/\/klimapunkt.pl\/index.php?rest_route=\/wp\/v2\/pages\/1099"}],"collection":[{"href":"https:\/\/klimapunkt.pl\/index.php?rest_route=\/wp\/v2\/pages"}],"about":[{"href":"https:\/\/klimapunkt.pl\/index.php?rest_route=\/wp\/v2\/types\/page"}],"author":[{"embeddable":true,"href":"https:\/\/klimapunkt.pl\/index.php?rest_route=\/wp\/v2\/users\/3"}],"replies":[{"embeddable":true,"href":"https:\/\/klimapunkt.pl\/index.php?rest_route=%2Fwp%2Fv2%2Fcomments&post=1099"}],"version-history":[{"count":3,"href":"https:\/\/klimapunkt.pl\/index.php?rest_route=\/wp\/v2\/pages\/1099\/revisions"}],"predecessor-version":[{"id":1221,"href":"https:\/\/klimapunkt.pl\/index.php?rest_route=\/wp\/v2\/pages\/1099\/revisions\/1221"}],"wp:attachment":[{"href":"https:\/\/klimapunkt.pl\/index.php?rest_route=%2Fwp%2Fv2%2Fmedia&parent=1099"}],"curies":[{"name":"wp","href":"https:\/\/api.w.org\/{rel}","templated":true}]}}