{"id":1090,"date":"2016-09-26T13:01:48","date_gmt":"2016-09-26T11:01:48","guid":{"rendered":"http:\/\/demo.klimapunkt.pl\/?page_id=1090"},"modified":"2020-12-14T13:26:59","modified_gmt":"2020-12-14T12:26:59","slug":"rekuperator","status":"publish","type":"page","link":"https:\/\/klimapunkt.pl\/?page_id=1090","title":{"rendered":"Rekuperator"},"content":{"rendered":"<div class=\"row  \" ><div class=\"cherry-box   box-121\"><div class=\"inner\"><div class=\"container\"><div class=\"row row-edge\">\n<h2 style=\"text-align: center;\">Rekuperator &#8211; centrala nawiewno wywiewna<br \/>\n<div class=\"cherry-hr   hr-190\"><\/div><\/h2>\n<p>Jest to urz\u0105dzenie wentylacyjne zapewniaj\u0105ce filtracj\u0119 i dop\u0142yw \u015bwie\u017cego powietrza do pomieszcze\u0144 , a tak\u017ce usuwanie powietrza zanieczyszczonego.<br \/>\n<div class=\"cherry-hr   hr-381\"><\/div>\n<strong>Jak dzia\u0142a?<\/strong><br \/>\nZa pomoc\u0105 czerpni znajduj\u0105cej si\u0119 na zewn\u0105trz budynku pobierane jest \u015bwie\u017ce powietrze, dalej transportowane jest kana\u0142ami wentylacyjnymi do centrali wywiewnej. W centrali powietrze trafia przez filtry do wymiennika ciep\u0142a. Wymiennik sprawia \u017ce w zim\u0119 powietrze jest podgrzewane a w lecie ch\u0142odzone. Centrala wentylacyjna posiada wentylator kt\u00f3ry pozwala na przep\u0142yw powietrza w zaizolowanych termicznie kana\u0142ach, dzi\u0119ki kt\u00f3rym dostaje si\u0119 do ka\u017cdego pomieszczenia w budynku.<\/p>\n<div class=\"cherry-hr   hr-536\"><\/div>\n\u017ar\u00f3d\u0142a: www.instalacjebudowlane.pl\/5<br \/>\n<div class=\"cherry-hr   hr-612\"><\/div>\n<\/div><\/div><\/div><\/div><\/div>\n","protected":false},"excerpt":{"rendered":"","protected":false},"author":3,"featured_media":0,"parent":0,"menu_order":0,"comment_status":"closed","ping_status":"closed","template":"","meta":{"footnotes":""},"_links":{"self":[{"href":"https:\/\/klimapunkt.pl\/index.php?rest_route=\/wp\/v2\/pages\/1090"}],"collection":[{"href":"https:\/\/klimapunkt.pl\/index.php?rest_route=\/wp\/v2\/pages"}],"about":[{"href":"https:\/\/klimapunkt.pl\/index.php?rest_route=\/wp\/v2\/types\/page"}],"author":[{"embeddable":true,"href":"https:\/\/klimapunkt.pl\/index.php?rest_route=\/wp\/v2\/users\/3"}],"replies":[{"embeddable":true,"href":"https:\/\/klimapunkt.pl\/index.php?rest_route=%2Fwp%2Fv2%2Fcomments&post=1090"}],"version-history":[{"count":10,"href":"https:\/\/klimapunkt.pl\/index.php?rest_route=\/wp\/v2\/pages\/1090\/revisions"}],"predecessor-version":[{"id":1666,"href":"https:\/\/klimapunkt.pl\/index.php?rest_route=\/wp\/v2\/pages\/1090\/revisions\/1666"}],"wp:attachment":[{"href":"https:\/\/klimapunkt.pl\/index.php?rest_route=%2Fwp%2Fv2%2Fmedia&parent=1090"}],"curies":[{"name":"wp","href":"https:\/\/api.w.org\/{rel}","templated":true}]}}